{"id":9,"date":"2020-09-01T23:01:10","date_gmt":"2020-09-01T23:01:10","guid":{"rendered":"https:\/\/projetosangolasites.ao\/suave\/checkout\/"},"modified":"2026-03-04T05:52:15","modified_gmt":"2026-03-04T05:52:15","slug":"social","status":"publish","type":"page","link":"https:\/\/suaveangola.com\/engl\/social\/","title":{"rendered":"Social"},"content":{"rendered":"\t\t<div data-elementor-type=\"wp-page\" data-elementor-id=\"9\" class=\"elementor elementor-9\">\n\t\t\t\t<div class=\"elementor-element elementor-element-18f0ee2 e-flex e-con-boxed e-con e-parent\" data-id=\"18f0ee2\" data-element_type=\"container\" data-e-type=\"container\">\n\t\t\t\t\t<div class=\"e-con-inner\">\n\t\t\t\t<div class=\" elementor-element elementor-element-e233486 elementor-widget elementor-widget-riode_widget_posts\" data-id=\"e233486\" data-element_type=\"widget\" data-e-type=\"widget\" data-widget_type=\"riode_widget_posts.default\">\n\t\t\t\t<div class=\"elementor-widget-container\">\n\t\t\t\t\t<div class=\"posts  row cols-lg-3 cols-md-3 cols-sm-2 cols-2\" data-load=\"{&quot;props&quot;:{&quot;widget&quot;:true,&quot;post_grid&quot;:&quot;grid&quot;,&quot;follow_theme_option&quot;:&quot;yes&quot;,&quot;thumbnail_size&quot;:&quot;medium&quot;,&quot;thumbnail_custom_dimension&quot;:null},&quot;args&quot;:{&quot;post_type&quot;:&quot;post&quot;,&quot;posts_per_page&quot;:6,&quot;orderby&quot;:&quot;ID&quot;},&quot;max&quot;:3}\"><div class=\"post-wrap \">\r\n\t\t<article class=\"post-6936 post type-post status-publish format-standard has-post-thumbnail hentry category-news overlay-zoom overlay-dark\">\r\n\t\t\t\t\t<figure class=\"post-media\">\r\n\t\t\t\t\t\t\t\t<a href=\"https:\/\/suaveangola.com\/engl\/suave-air-freshners\/\">\r\n\t\t\t\t\t\t\t\t<img fetchpriority=\"high\" decoding=\"async\" width=\"300\" height=\"300\" src=\"https:\/\/suaveangola.com\/engl\/wp-content\/uploads\/2026\/04\/WhatsApp-Image-2026-04-01-at-10.17.10-300x300.jpeg\" class=\"attachment-medium size-medium wp-post-image\" alt=\"\" srcset=\"https:\/\/suaveangola.com\/engl\/wp-content\/uploads\/2026\/04\/WhatsApp-Image-2026-04-01-at-10.17.10-300x300.jpeg 300w, https:\/\/suaveangola.com\/engl\/wp-content\/uploads\/2026\/04\/WhatsApp-Image-2026-04-01-at-10.17.10-1024x1024.jpeg 1024w, https:\/\/suaveangola.com\/engl\/wp-content\/uploads\/2026\/04\/WhatsApp-Image-2026-04-01-at-10.17.10-150x150.jpeg 150w, https:\/\/suaveangola.com\/engl\/wp-content\/uploads\/2026\/04\/WhatsApp-Image-2026-04-01-at-10.17.10-768x768.jpeg 768w, https:\/\/suaveangola.com\/engl\/wp-content\/uploads\/2026\/04\/WhatsApp-Image-2026-04-01-at-10.17.10-1536x1536.jpeg 1536w, https:\/\/suaveangola.com\/engl\/wp-content\/uploads\/2026\/04\/WhatsApp-Image-2026-04-01-at-10.17.10-600x600.jpeg 600w, https:\/\/suaveangola.com\/engl\/wp-content\/uploads\/2026\/04\/WhatsApp-Image-2026-04-01-at-10.17.10.jpeg 1600w\" sizes=\"(max-width: 300px) 100vw, 300px\" \/>\t\t\t\t\t\t\t\t<\/a> \r\n\t\t\t\t\t\t\t\t\t\t\t<\/figure>\r\n\t\t\t\t\t<div class=\"post-details\">\r\n\t\t\t<div class=\"post-meta\"><span class=\"post-date\"><a href=\"https:\/\/suaveangola.com\/engl\/2026\/04\/01\/\">Abril 1, 2026<\/a><\/span><a href=\"https:\/\/suaveangola.com\/engl\/suave-air-freshners\/#respond\" class=\"comments-link scroll-to local\" ><mark>0<\/mark> Comment<\/a><\/div><h3 class=\"post-title\"><a href=\"https:\/\/suaveangola.com\/engl\/suave-air-freshners\/\">Suave Air Freshners<\/a><\/h3><div class=\"post-content\">\r\n\t<p>Suave Air Fresheners \u2014 Lemon, Lavender, Rose, and Marine! \ud83d\udc97\ud83d\udc99\ud83d\udc9a\ud83d\udc9c Fragrances that refresh the air, transforming any space into a more pleasant and welcoming environment. \ud83e\udd17<\/p><\/div>\r\n<a href=\"https:\/\/suaveangola.com\/engl\/suave-air-freshners\/\" class=\"btn btn-link btn-underline btn-primary\">Read More<i class=\"d-icon-arrow-right\"><\/i><\/a>\t\t<\/div>\r\n\t<\/article>\r\n\t<\/div>\r\n<div class=\"post-wrap \">\r\n\t\t<article class=\"post-6934 post type-post status-publish format-standard has-post-thumbnail hentry category-news overlay-zoom overlay-dark\">\r\n\t\t\t\t\t<figure class=\"post-media\">\r\n\t\t\t\t\t\t\t\t<a href=\"https:\/\/suaveangola.com\/engl\/baby-swim-diapers\/\">\r\n\t\t\t\t\t\t\t\t<img decoding=\"async\" width=\"300\" height=\"300\" src=\"https:\/\/suaveangola.com\/engl\/wp-content\/uploads\/2026\/04\/WhatsApp-Image-2026-04-01-at-10.10.28-300x300.jpeg\" class=\"attachment-medium size-medium wp-post-image\" alt=\"\" srcset=\"https:\/\/suaveangola.com\/engl\/wp-content\/uploads\/2026\/04\/WhatsApp-Image-2026-04-01-at-10.10.28-300x300.jpeg 300w, https:\/\/suaveangola.com\/engl\/wp-content\/uploads\/2026\/04\/WhatsApp-Image-2026-04-01-at-10.10.28-1024x1024.jpeg 1024w, https:\/\/suaveangola.com\/engl\/wp-content\/uploads\/2026\/04\/WhatsApp-Image-2026-04-01-at-10.10.28-150x150.jpeg 150w, https:\/\/suaveangola.com\/engl\/wp-content\/uploads\/2026\/04\/WhatsApp-Image-2026-04-01-at-10.10.28-768x768.jpeg 768w, https:\/\/suaveangola.com\/engl\/wp-content\/uploads\/2026\/04\/WhatsApp-Image-2026-04-01-at-10.10.28-1536x1536.jpeg 1536w, https:\/\/suaveangola.com\/engl\/wp-content\/uploads\/2026\/04\/WhatsApp-Image-2026-04-01-at-10.10.28-600x600.jpeg 600w, https:\/\/suaveangola.com\/engl\/wp-content\/uploads\/2026\/04\/WhatsApp-Image-2026-04-01-at-10.10.28.jpeg 1600w\" sizes=\"(max-width: 300px) 100vw, 300px\" \/>\t\t\t\t\t\t\t\t<\/a> \r\n\t\t\t\t\t\t\t\t\t\t\t<\/figure>\r\n\t\t\t\t\t<div class=\"post-details\">\r\n\t\t\t<div class=\"post-meta\"><span class=\"post-date\"><a href=\"https:\/\/suaveangola.com\/engl\/2026\/04\/01\/\">Abril 1, 2026<\/a><\/span><a href=\"https:\/\/suaveangola.com\/engl\/baby-swim-diapers\/#respond\" class=\"comments-link scroll-to local\" ><mark>0<\/mark> Comment<\/a><\/div><h3 class=\"post-title\"><a href=\"https:\/\/suaveangola.com\/engl\/baby-swim-diapers\/\">Baby Swim Diapers<\/a><\/h3><div class=\"post-content\">\r\n\t<p>The baby swim diapers have arrived \ud83d\udc76 \u2014 the practical solution for fun moments at the beach, pool, or even bathtime at home. Take your baby to the water safely&hellip;<\/p><\/div>\r\n<a href=\"https:\/\/suaveangola.com\/engl\/baby-swim-diapers\/\" class=\"btn btn-link btn-underline btn-primary\">Read More<i class=\"d-icon-arrow-right\"><\/i><\/a>\t\t<\/div>\r\n\t<\/article>\r\n\t<\/div>\r\n<div class=\"post-wrap \">\r\n\t\t<article class=\"post-6933 post type-post status-publish format-standard has-post-thumbnail hentry category-news overlay-zoom overlay-dark\">\r\n\t\t\t\t\t<figure class=\"post-media\">\r\n\t\t\t\t\t\t\t\t<a href=\"https:\/\/suaveangola.com\/engl\/body-lotion-cream\/\">\r\n\t\t\t\t\t\t\t\t<img decoding=\"async\" width=\"300\" height=\"300\" src=\"https:\/\/suaveangola.com\/engl\/wp-content\/uploads\/2026\/04\/WhatsApp-Image-2026-04-01-at-10.03.14-300x300.jpeg\" class=\"attachment-medium size-medium wp-post-image\" alt=\"\" srcset=\"https:\/\/suaveangola.com\/engl\/wp-content\/uploads\/2026\/04\/WhatsApp-Image-2026-04-01-at-10.03.14-300x300.jpeg 300w, https:\/\/suaveangola.com\/engl\/wp-content\/uploads\/2026\/04\/WhatsApp-Image-2026-04-01-at-10.03.14-1024x1024.jpeg 1024w, https:\/\/suaveangola.com\/engl\/wp-content\/uploads\/2026\/04\/WhatsApp-Image-2026-04-01-at-10.03.14-150x150.jpeg 150w, https:\/\/suaveangola.com\/engl\/wp-content\/uploads\/2026\/04\/WhatsApp-Image-2026-04-01-at-10.03.14-768x768.jpeg 768w, https:\/\/suaveangola.com\/engl\/wp-content\/uploads\/2026\/04\/WhatsApp-Image-2026-04-01-at-10.03.14-1536x1536.jpeg 1536w, https:\/\/suaveangola.com\/engl\/wp-content\/uploads\/2026\/04\/WhatsApp-Image-2026-04-01-at-10.03.14-600x600.jpeg 600w, https:\/\/suaveangola.com\/engl\/wp-content\/uploads\/2026\/04\/WhatsApp-Image-2026-04-01-at-10.03.14.jpeg 1600w\" sizes=\"(max-width: 300px) 100vw, 300px\" \/>\t\t\t\t\t\t\t\t<\/a> \r\n\t\t\t\t\t\t\t\t\t\t\t<\/figure>\r\n\t\t\t\t\t<div class=\"post-details\">\r\n\t\t\t<div class=\"post-meta\"><span class=\"post-date\"><a href=\"https:\/\/suaveangola.com\/engl\/2026\/04\/01\/\">Abril 1, 2026<\/a><\/span><a href=\"https:\/\/suaveangola.com\/engl\/body-lotion-cream\/#respond\" class=\"comments-link scroll-to local\" ><mark>0<\/mark> Comment<\/a><\/div><h3 class=\"post-title\"><a href=\"https:\/\/suaveangola.com\/engl\/body-lotion-cream\/\">Body Lotion Cream<\/a><\/h3><div class=\"post-content\">\r\n\t<p>We present the new Suave body lotion creams, now available in two convenient sizes: 200ml and 400ml. Perfect for those who value intense hydration, deep nourishment, and daily care, with&hellip;<\/p><\/div>\r\n<a href=\"https:\/\/suaveangola.com\/engl\/body-lotion-cream\/\" class=\"btn btn-link btn-underline btn-primary\">Read More<i class=\"d-icon-arrow-right\"><\/i><\/a>\t\t<\/div>\r\n\t<\/article>\r\n\t<\/div>\r\n<div class=\"post-wrap \">\r\n\t\t<article class=\"post-6926 post type-post status-publish format-standard has-post-thumbnail hentry category-news overlay-zoom overlay-dark\">\r\n\t\t\t\t\t<figure class=\"post-media\">\r\n\t\t\t\t\t\t\t\t<a href=\"https:\/\/suaveangola.com\/engl\/suave-air-freshner\/\">\r\n\t\t\t\t\t\t\t\t<img loading=\"lazy\" decoding=\"async\" width=\"300\" height=\"200\" src=\"https:\/\/suaveangola.com\/engl\/wp-content\/uploads\/2026\/04\/WhatsApp-Image-2026-04-01-at-10.02.06-300x200.jpeg\" class=\"attachment-medium size-medium wp-post-image\" alt=\"\" srcset=\"https:\/\/suaveangola.com\/engl\/wp-content\/uploads\/2026\/04\/WhatsApp-Image-2026-04-01-at-10.02.06-300x200.jpeg 300w, https:\/\/suaveangola.com\/engl\/wp-content\/uploads\/2026\/04\/WhatsApp-Image-2026-04-01-at-10.02.06-1024x682.jpeg 1024w, https:\/\/suaveangola.com\/engl\/wp-content\/uploads\/2026\/04\/WhatsApp-Image-2026-04-01-at-10.02.06-768x512.jpeg 768w, https:\/\/suaveangola.com\/engl\/wp-content\/uploads\/2026\/04\/WhatsApp-Image-2026-04-01-at-10.02.06-1536x1023.jpeg 1536w, https:\/\/suaveangola.com\/engl\/wp-content\/uploads\/2026\/04\/WhatsApp-Image-2026-04-01-at-10.02.06-150x100.jpeg 150w, https:\/\/suaveangola.com\/engl\/wp-content\/uploads\/2026\/04\/WhatsApp-Image-2026-04-01-at-10.02.06-600x400.jpeg 600w, https:\/\/suaveangola.com\/engl\/wp-content\/uploads\/2026\/04\/WhatsApp-Image-2026-04-01-at-10.02.06.jpeg 1600w\" sizes=\"(max-width: 300px) 100vw, 300px\" \/>\t\t\t\t\t\t\t\t<\/a> \r\n\t\t\t\t\t\t\t\t\t\t\t<\/figure>\r\n\t\t\t\t\t<div class=\"post-details\">\r\n\t\t\t<div class=\"post-meta\"><span class=\"post-date\"><a href=\"https:\/\/suaveangola.com\/engl\/2026\/04\/01\/\">Abril 1, 2026<\/a><\/span><a href=\"https:\/\/suaveangola.com\/engl\/suave-air-freshner\/#respond\" class=\"comments-link scroll-to local\" ><mark>0<\/mark> Comment<\/a><\/div><h3 class=\"post-title\"><a href=\"https:\/\/suaveangola.com\/engl\/suave-air-freshner\/\">Suave Air Freshner<\/a><\/h3><div class=\"post-content\">\r\n\t<p>The news has arrived that will transform your environment. New 100ml air freshener \u2014 more freshness, more comfort, more you<\/p><\/div>\r\n<a href=\"https:\/\/suaveangola.com\/engl\/suave-air-freshner\/\" class=\"btn btn-link btn-underline btn-primary\">Read More<i class=\"d-icon-arrow-right\"><\/i><\/a>\t\t<\/div>\r\n\t<\/article>\r\n\t<\/div>\r\n<div class=\"post-wrap \">\r\n\t\t<article class=\"post-6851 post type-post status-publish format-standard has-post-thumbnail hentry category-social overlay-zoom overlay-dark\">\r\n\t\t\t\t\t<figure class=\"post-media\">\r\n\t\t\t\t\t\t\t\t<a href=\"https:\/\/suaveangola.com\/engl\/acaa\/\">\r\n\t\t\t\t\t\t\t\t<img loading=\"lazy\" decoding=\"async\" width=\"300\" height=\"200\" src=\"https:\/\/suaveangola.com\/engl\/wp-content\/uploads\/2026\/03\/658787469_1396542239159707_7792708678490386228_n-1-300x200.jpg\" class=\"attachment-medium size-medium wp-post-image\" alt=\"\" srcset=\"https:\/\/suaveangola.com\/engl\/wp-content\/uploads\/2026\/03\/658787469_1396542239159707_7792708678490386228_n-1-300x200.jpg 300w, https:\/\/suaveangola.com\/engl\/wp-content\/uploads\/2026\/03\/658787469_1396542239159707_7792708678490386228_n-1-1024x682.jpg 1024w, https:\/\/suaveangola.com\/engl\/wp-content\/uploads\/2026\/03\/658787469_1396542239159707_7792708678490386228_n-1-768x511.jpg 768w, https:\/\/suaveangola.com\/engl\/wp-content\/uploads\/2026\/03\/658787469_1396542239159707_7792708678490386228_n-1-150x100.jpg 150w, https:\/\/suaveangola.com\/engl\/wp-content\/uploads\/2026\/03\/658787469_1396542239159707_7792708678490386228_n-1-600x399.jpg 600w, https:\/\/suaveangola.com\/engl\/wp-content\/uploads\/2026\/03\/658787469_1396542239159707_7792708678490386228_n-1.jpg 1280w\" sizes=\"(max-width: 300px) 100vw, 300px\" \/>\t\t\t\t\t\t\t\t<\/a> \r\n\t\t\t\t\t\t\t\t\t\t\t<\/figure>\r\n\t\t\t\t\t<div class=\"post-details\">\r\n\t\t\t<div class=\"post-meta\"><span class=\"post-date\"><a href=\"https:\/\/suaveangola.com\/engl\/2026\/03\/31\/\">Mar\u00e7o 31, 2026<\/a><\/span><a href=\"https:\/\/suaveangola.com\/engl\/acaa\/#respond\" class=\"comments-link scroll-to local\" ><mark>0<\/mark> Comment<\/a><\/div><h3 class=\"post-title\"><a href=\"https:\/\/suaveangola.com\/engl\/acaa\/\">ACAA<\/a><\/h3><div class=\"post-content\">\r\n\t<p>SUAVE is pleased to continue opening its doors to educational initiatives, promoting the sharing of knowledge and bringing the industry closer to the community.This time, we had the honor of&hellip;<\/p><\/div>\r\n<a href=\"https:\/\/suaveangola.com\/engl\/acaa\/\" class=\"btn btn-link btn-underline btn-primary\">Read More<i class=\"d-icon-arrow-right\"><\/i><\/a>\t\t<\/div>\r\n\t<\/article>\r\n\t<\/div>\r\n<div class=\"post-wrap \">\r\n\t\t<article class=\"post-6850 post type-post status-publish format-standard has-post-thumbnail hentry category-social overlay-zoom overlay-dark\">\r\n\t\t\t\t\t<figure class=\"post-media\">\r\n\t\t\t\t\t\t\t\t<a href=\"https:\/\/suaveangola.com\/engl\/africa-for-africa\/\">\r\n\t\t\t\t\t\t\t\t<img loading=\"lazy\" decoding=\"async\" width=\"300\" height=\"240\" src=\"https:\/\/suaveangola.com\/engl\/wp-content\/uploads\/2026\/03\/Suave-apoia-a-AFA-em-solidariedade-as-comunidades-em-situacao-de-vulnerabilidade-3-300x240.jpg\" class=\"attachment-medium size-medium wp-post-image\" alt=\"\" srcset=\"https:\/\/suaveangola.com\/engl\/wp-content\/uploads\/2026\/03\/Suave-apoia-a-AFA-em-solidariedade-as-comunidades-em-situacao-de-vulnerabilidade-3-300x240.jpg 300w, https:\/\/suaveangola.com\/engl\/wp-content\/uploads\/2026\/03\/Suave-apoia-a-AFA-em-solidariedade-as-comunidades-em-situacao-de-vulnerabilidade-3-1024x819.jpg 1024w, https:\/\/suaveangola.com\/engl\/wp-content\/uploads\/2026\/03\/Suave-apoia-a-AFA-em-solidariedade-as-comunidades-em-situacao-de-vulnerabilidade-3-768x614.jpg 768w, https:\/\/suaveangola.com\/engl\/wp-content\/uploads\/2026\/03\/Suave-apoia-a-AFA-em-solidariedade-as-comunidades-em-situacao-de-vulnerabilidade-3-150x120.jpg 150w, https:\/\/suaveangola.com\/engl\/wp-content\/uploads\/2026\/03\/Suave-apoia-a-AFA-em-solidariedade-as-comunidades-em-situacao-de-vulnerabilidade-3-600x480.jpg 600w, https:\/\/suaveangola.com\/engl\/wp-content\/uploads\/2026\/03\/Suave-apoia-a-AFA-em-solidariedade-as-comunidades-em-situacao-de-vulnerabilidade-3.jpg 1280w\" sizes=\"(max-width: 300px) 100vw, 300px\" \/>\t\t\t\t\t\t\t\t<\/a> \r\n\t\t\t\t\t\t\t\t\t\t\t<\/figure>\r\n\t\t\t\t\t<div class=\"post-details\">\r\n\t\t\t<div class=\"post-meta\"><span class=\"post-date\"><a href=\"https:\/\/suaveangola.com\/engl\/2026\/03\/31\/\">Mar\u00e7o 31, 2026<\/a><\/span><a href=\"https:\/\/suaveangola.com\/engl\/africa-for-africa\/#respond\" class=\"comments-link scroll-to local\" ><mark>0<\/mark> Comment<\/a><\/div><h3 class=\"post-title\"><a href=\"https:\/\/suaveangola.com\/engl\/africa-for-africa\/\">Africa for Africa<\/a><\/h3><div class=\"post-content\">\r\n\t<p>SUAVE believes that true growth is only possible when we walk side by side with society. That is why we develop social actions focused on supporting communities in situations of&hellip;<\/p><\/div>\r\n<a href=\"https:\/\/suaveangola.com\/engl\/africa-for-africa\/\" class=\"btn btn-link btn-underline btn-primary\">Read More<i class=\"d-icon-arrow-right\"><\/i><\/a>\t\t<\/div>\r\n\t<\/article>\r\n\t<\/div>\r\n<\/div>\t\t\t\t<\/div>\n\t\t\t\t<\/div>\n\t\t\t\t\t<\/div>\n\t\t\t\t<\/div>\n\t\t\t\t<\/div>\n\t\t","protected":false},"excerpt":{"rendered":"<p>Mar\u00e7o 2, 20260 Comment Abertura de Lojas COMUNICADO!!! QUARTA-FEIRA DIA 04 DE FEVEREIRO AS LOJAS SUAVE ESTAR\u00c3O ABERTAS DAS 8h00 \u00e0s 16H00! LOJAS: LUBANGO 2 &#8211; GINGA &#8211; SOYO, ESTAR\u00c3O FECHADOS ESPERAMOS POR SI&#8230; Read More Fevereiro 4, 20260 Comment Luta Armada de Liberta\u00e7\u00e3o Nacional Neste 4 de Fevereiro, data que marca o in\u00edcio da [&hellip;]<\/p>\n","protected":false},"author":1,"featured_media":0,"parent":0,"menu_order":0,"comment_status":"closed","ping_status":"closed","template":"","meta":{"footnotes":""},"class_list":["post-9","page","type-page","status-publish","hentry"],"_links":{"self":[{"href":"https:\/\/suaveangola.com\/engl\/wp-json\/wp\/v2\/pages\/9","targetHints":{"allow":["GET"]}}],"collection":[{"href":"https:\/\/suaveangola.com\/engl\/wp-json\/wp\/v2\/pages"}],"about":[{"href":"https:\/\/suaveangola.com\/engl\/wp-json\/wp\/v2\/types\/page"}],"author":[{"embeddable":true,"href":"https:\/\/suaveangola.com\/engl\/wp-json\/wp\/v2\/users\/1"}],"replies":[{"embeddable":true,"href":"https:\/\/suaveangola.com\/engl\/wp-json\/wp\/v2\/comments?post=9"}],"version-history":[{"count":10,"href":"https:\/\/suaveangola.com\/engl\/wp-json\/wp\/v2\/pages\/9\/revisions"}],"predecessor-version":[{"id":6679,"href":"https:\/\/suaveangola.com\/engl\/wp-json\/wp\/v2\/pages\/9\/revisions\/6679"}],"wp:attachment":[{"href":"https:\/\/suaveangola.com\/engl\/wp-json\/wp\/v2\/media?parent=9"}],"curies":[{"name":"wp","href":"https:\/\/api.w.org\/{rel}","templated":true}]}}